{"id":270,"date":"2015-03-13T21:11:09","date_gmt":"2015-03-13T21:11:09","guid":{"rendered":"http:\/\/www.finexent.com\/?page_id=270"},"modified":"2015-03-18T21:52:32","modified_gmt":"2015-03-18T21:52:32","slug":"all-news","status":"publish","type":"page","link":"http:\/\/www.finexent.com\/en\/all-news\/","title":{"rendered":"All News"},"content":{"rendered":"<p><div class=\"wpb_row vc_row-fluid\"><\/div>\n\t<div class=\"vc_span12 wpb_column column_container\">\n\t\t<div class=\"wpb_wrapper\">\n\t\t\t\n\t\t<\/div> \n\t<\/div>\n<ul class=\"newslist styled\">\n<li>\n<div class=\"news-info\">\n<div class=\"datetime\">\n<div class=\"day\">13 Mar 2015<\/div>\n<h2 class=\"time\">21:11<\/h2>\n<\/div>\n<div class=\"thumbnail\"><a href=\"http:\/\/www.finexent.com\/en\/news\/la-macdonalisation-des-democraties-liberales\/\"><img decoding=\"async\" src=\"http:\/\/www.finexent.com\/wp-content\/uploads\/2017\/01\/Donald_McDonald-72x72.png\" alt=\"\" \/><\/a><\/div>\n<\/div>\n<div class=\"text\">\n<h3><a href=\"http:\/\/www.finexent.com\/en\/news\/la-macdonalisation-des-democraties-liberales\/\">La macdonalisation des d\u00e9mocraties lib\u00e9rales<\/a><\/h3>\n<p>Comme McDonald\u2019s, premier groupe de restauration mondial, les hommes politiques sont pass\u00e9s ma\u00eetres dans l\u2019art de manipuler les signaux. Les \u00e9lecteurs vont-ils continuer \u00e0 en \u00eatre dupes ?<\/p>\n<\/div>\n<\/li>\n<li>\n<div class=\"news-info\">\n<div class=\"datetime\">\n<div class=\"day\">13 Mar 2015<\/div>\n<h2 class=\"time\">21:11<\/h2>\n<\/div>\n<div class=\"thumbnail\"><a href=\"http:\/\/www.finexent.com\/en\/news\/pourquoi-le-monde-va-devenir-de-plus-en-plus-ingouvernable\/\"><img decoding=\"async\" src=\"http:\/\/www.finexent.com\/wp-content\/uploads\/2015\/03\/arbremain-72x72.jpg\" alt=\"\" \/><\/a><\/div>\n<\/div>\n<div class=\"text\">\n<h3><a href=\"http:\/\/www.finexent.com\/en\/news\/pourquoi-le-monde-va-devenir-de-plus-en-plus-ingouvernable\/\">Pourquoi le monde va devenir de plus en plus ingouvernable<\/a><\/h3>\n<p>Les solutions partielles aux difficult\u00e9s actuelles vont accro\u00eetre les tensions et les divisions. Pour sortir de l\u2019impasse, il nous faudrait renoncer \u00e0 la d\u00e9fense du pouvoir d\u2019achat <\/p>\n<\/div>\n<\/li>\n<li>\n<div class=\"news-info\">\n<div class=\"datetime\">\n<div class=\"day\">13 Mar 2015<\/div>\n<h2 class=\"time\">21:11<\/h2>\n<\/div>\n<div class=\"thumbnail\"><a href=\"http:\/\/www.finexent.com\/en\/news\/comment-renforcer-sa-differenciation-comment-echapper-a-la-commoditisation\/\"><img decoding=\"async\" src=\"http:\/\/www.finexent.com\/wp-content\/uploads\/2015\/08\/Apple_Hero_CHina_Store-72x72.jpg\" alt=\"\" \/><\/a><\/div>\n<\/div>\n<div class=\"text\">\n<h3><a href=\"http:\/\/www.finexent.com\/en\/news\/comment-renforcer-sa-differenciation-comment-echapper-a-la-commoditisation\/\">How to sharpen and consolidate your differentiation? How to escape the commodity trap?<\/a><\/h3>\n<p>When we think of differentiation, we tend to think of product or service differentiation, whereas a company can differentiate itself at every point of contact with its clients.<\/p>\n<\/div>\n<\/li>\n<li>\n<div class=\"news-info\">\n<div class=\"datetime\">\n<div class=\"day\">13 Mar 2015<\/div>\n<h2 class=\"time\">21:11<\/h2>\n<\/div>\n<div class=\"thumbnail\"><a href=\"http:\/\/www.finexent.com\/en\/news\/reinvent-your-business-model\/\"><img decoding=\"async\" src=\"http:\/\/www.finexent.com\/wp-content\/uploads\/2015\/08\/lego-72x72.jpg\" alt=\"\" \/><\/a><\/div>\n<\/div>\n<div class=\"text\">\n<h3><a href=\"http:\/\/www.finexent.com\/en\/news\/reinvent-your-business-model\/\">Reinvent your business model<\/a><\/h3>\n<p>Start asking yourself how you can help people have an important job done. A major problem that is inadequately solved by current solutions.<\/p>\n<\/div>\n<\/li>\n<li>\n<div class=\"news-info\">\n<div class=\"datetime\">\n<div class=\"day\">13 Mar 2015<\/div>\n<h2 class=\"time\">21:11<\/h2>\n<\/div>\n<div class=\"thumbnail\"><a href=\"http:\/\/www.finexent.com\/en\/news\/comment-la-chine-a-reussi-a-casser-le-monopole-du-fmi-et-de-la-banque-mondiale\/\"><img decoding=\"async\" src=\"http:\/\/www.finexent.com\/wp-content\/uploads\/2015\/03\/Chine-72x72.jpg\" alt=\"\" \/><\/a><\/div>\n<\/div>\n<div class=\"text\">\n<h3><a href=\"http:\/\/www.finexent.com\/en\/news\/comment-la-chine-a-reussi-a-casser-le-monopole-du-fmi-et-de-la-banque-mondiale\/\">How China has managed to break the monopoly of the IMF and World Bank<\/a><\/h3>\n<p>Having refused to arrange the IMF voting rights to leave more room for emerging countries, the United States are forced to observe the triumph of the Chinese bypass strategy.<\/p>\n<\/div>\n<\/li>\n<li>\n<div class=\"news-info\">\n<div class=\"datetime\">\n<div class=\"day\">13 Mar 2015<\/div>\n<h2 class=\"time\">21:11<\/h2>\n<\/div>\n<div class=\"thumbnail\"><a href=\"http:\/\/www.finexent.com\/en\/news\/des-taux-negatifs-sur-les-depots-bancaires\/\"><img decoding=\"async\" src=\"http:\/\/www.finexent.com\/wp-content\/uploads\/2015\/03\/Portfolio1-72x72.jpg\" alt=\"\" \/><\/a><\/div>\n<\/div>\n<div class=\"text\">\n<h3><a href=\"http:\/\/www.finexent.com\/en\/news\/des-taux-negatifs-sur-les-depots-bancaires\/\">Negative rates on bank deposits?<\/a><\/h3>\n<p>Several banks are considering imposing negative rates on deposits of their large customers.<\/p>\n<\/div>\n<\/li>\n<li>\n<div class=\"news-info\">\n<div class=\"datetime\">\n<div class=\"day\">13 Mar 2015<\/div>\n<h2 class=\"time\">21:11<\/h2>\n<\/div>\n<div class=\"thumbnail\"><a href=\"http:\/\/www.finexent.com\/en\/news\/le-marche-des-jeux-video-a-definitivement-bascule\/\"><img decoding=\"async\" src=\"http:\/\/www.finexent.com\/wp-content\/uploads\/2015\/03\/videogames-72x72.jpg\" alt=\"\" \/><\/a><\/div>\n<\/div>\n<div class=\"text\">\n<h3><a href=\"http:\/\/www.finexent.com\/en\/news\/le-marche-des-jeux-video-a-definitivement-bascule\/\">The market of video games has definitely shifted<\/a><\/h3>\n<p>In 2015, the revenues generated by mobile games will for the first time exceed the income from games on consoles and PCs.<\/p>\n<\/div>\n<\/li>\n<li>\n<div class=\"news-info\">\n<div class=\"datetime\">\n<div class=\"day\">13 Mar 2015<\/div>\n<h2 class=\"time\">21:11<\/h2>\n<\/div>\n<div class=\"thumbnail\"><a href=\"http:\/\/www.finexent.com\/en\/news\/taux-de-survie-a-10-ans\/\"><img decoding=\"async\" src=\"http:\/\/www.finexent.com\/wp-content\/uploads\/2015\/03\/arbremain-72x72.jpg\" alt=\"\" \/><\/a><\/div>\n<\/div>\n<div class=\"text\">\n<h3><a href=\"http:\/\/www.finexent.com\/en\/news\/taux-de-survie-a-10-ans\/\">Survival rate at 10 years<\/a><\/h3>\n<p>In 2005, 271,217 companies were created in France. Ten years later, only 92,000 are still in business, a survival rate of 34%.<\/p>\n<\/div>\n<\/li>\n<li>\n<div class=\"news-info\">\n<div class=\"datetime\">\n<div class=\"day\">13 Mar 2015<\/div>\n<h2 class=\"time\">21:11<\/h2>\n<\/div>\n<div class=\"thumbnail\"><a href=\"http:\/\/www.finexent.com\/en\/news\/le-desavantage-competitif-de-la-france-par-rapport-a-lallemagne\/\"><img decoding=\"async\" src=\"http:\/\/www.finexent.com\/wp-content\/uploads\/2015\/02\/Image1-72x72.jpg\" alt=\"\" \/><\/a><\/div>\n<\/div>\n<div class=\"text\">\n<h3><a href=\"http:\/\/www.finexent.com\/en\/news\/le-desavantage-competitif-de-la-france-par-rapport-a-lallemagne\/\">Le d\u00e9savantage comp\u00e9titif de la France par rapport \u00e0 l&#8217;Allemagne<\/a><\/h3>\n<p>Les entreprises fran\u00e7aises sont doublement p\u00e9nalis\u00e9es : sur les charges sociales et sur l&#8217;imp\u00f4t<\/p>\n<\/div>\n<\/li>\n<li>\n<div class=\"news-info\">\n<div class=\"datetime\">\n<div class=\"day\">13 Mar 2015<\/div>\n<h2 class=\"time\">21:11<\/h2>\n<\/div>\n<div class=\"thumbnail\"><a href=\"http:\/\/www.finexent.com\/en\/news\/changer-de-banque-permet-dobtenir-de-meilleurs-taux\/\"><img decoding=\"async\" src=\"http:\/\/www.finexent.com\/wp-content\/uploads\/2015\/03\/News2-72x72.jpg\" alt=\"\" \/><\/a><\/div>\n<\/div>\n<div class=\"text\">\n<h3><a href=\"http:\/\/www.finexent.com\/en\/news\/changer-de-banque-permet-dobtenir-de-meilleurs-taux\/\">Changer de banque permet d&#8217;obtenir de meilleurs taux<\/a><\/h3>\n<p>En changeant de banque, les emprunteurs obtiennent des taux plus faibles. Puis progressivement dans le temps, la banque remonte ses taux.<\/p>\n<\/div>\n<\/li>\n<li>\n<div class=\"news-info\">\n<div class=\"datetime\">\n<div class=\"day\">13 Mar 2015<\/div>\n<h2 class=\"time\">21:11<\/h2>\n<\/div>\n<div class=\"thumbnail\"><a href=\"http:\/\/www.finexent.com\/en\/news\/les-entreprises-dont-les-salaries-sont-satisfaits-sur-performent-les-autres-entreprises-cotees\/\"><img decoding=\"async\" src=\"http:\/\/www.finexent.com\/wp-content\/uploads\/2015\/03\/News8-72x72.jpg\" alt=\"\" \/><\/a><\/div>\n<\/div>\n<div class=\"text\">\n<h3><a href=\"http:\/\/www.finexent.com\/en\/news\/les-entreprises-dont-les-salaries-sont-satisfaits-sur-performent-les-autres-entreprises-cotees\/\">Les entreprises dont les salari\u00e9s sont satisfaits sur-performent les autres entreprises cot\u00e9es<\/a><\/h3>\n<p>Les entreprises appartenant aux &#8220;100 best companies to work for in America&#8221; obtiennent une rentabilit\u00e9 sup\u00e9rieure de 2,1% \u00e0 un portefeuille d&#8217;entreprises \u00e9quivalentes<\/p>\n<\/div>\n<\/li>\n<li>\n<div class=\"news-info\">\n<div class=\"datetime\">\n<div class=\"day\">13 Mar 2015<\/div>\n<h2 class=\"time\">21:11<\/h2>\n<\/div>\n<div class=\"thumbnail\"><a href=\"http:\/\/www.finexent.com\/en\/news\/il-ny-a-pas-assez-dadministrateurs-independants-dans-les-conseils-dadministration-en-france\/\"><img decoding=\"async\" src=\"http:\/\/www.finexent.com\/wp-content\/uploads\/2015\/03\/News4-72x72.jpg\" alt=\"\" \/><\/a><\/div>\n<\/div>\n<div class=\"text\">\n<h3><a href=\"http:\/\/www.finexent.com\/en\/news\/il-ny-a-pas-assez-dadministrateurs-independants-dans-les-conseils-dadministration-en-france\/\">Il n&#8217;y a pas assez d&#8217;administrateurs ind\u00e9pendants dans les conseils d&#8217;administration en France<\/a><\/h3>\n<p>Les conseils d&#8217;administration fran\u00e7ais sont compos\u00e9s \u00e0 40% d&#8217;administrateurs ind\u00e9pendants, contre 75% au Pays-Bas et 61% au Royaume-Uni<\/p>\n<\/div>\n<\/li>\n<li>\n<div class=\"news-info\">\n<div class=\"datetime\">\n<div class=\"day\">13 Mar 2015<\/div>\n<h2 class=\"time\">21:11<\/h2>\n<\/div>\n<div class=\"thumbnail\"><a href=\"http:\/\/www.finexent.com\/en\/news\/traits-de-personnalite-des-dirigeants-et-endettement\/\"><img decoding=\"async\" src=\"http:\/\/www.finexent.com\/wp-content\/uploads\/2015\/03\/News51-72x72.jpg\" alt=\"\" \/><\/a><\/div>\n<\/div>\n<div class=\"text\">\n<h3><a href=\"http:\/\/www.finexent.com\/en\/news\/traits-de-personnalite-des-dirigeants-et-endettement\/\">Traits de personnalit\u00e9 des dirigeants et endettement<\/a><\/h3>\n<p>Les dirigeants qui sont confiants et optimistes pr\u00e9f\u00e8rent l&#8217;endettement aux augmentations de capital<\/p>\n<\/div>\n<\/li>\n<li>\n<div class=\"news-info\">\n<div class=\"datetime\">\n<div class=\"day\">13 Mar 2015<\/div>\n<h2 class=\"time\">21:11<\/h2>\n<\/div>\n<div class=\"thumbnail\"><a href=\"http:\/\/www.finexent.com\/en\/news\/les-clauses-les-plus-frequentes-des-contrats-de-fusion-acquisition-en-france\/\"><img decoding=\"async\" src=\"http:\/\/www.finexent.com\/wp-content\/uploads\/2015\/03\/News3-72x72.jpg\" alt=\"\" \/><\/a><\/div>\n<\/div>\n<div class=\"text\">\n<h3><a href=\"http:\/\/www.finexent.com\/en\/news\/les-clauses-les-plus-frequentes-des-contrats-de-fusion-acquisition-en-france\/\">Les clauses les plus fr\u00e9quentes des contrats de fusion-acquisition en France<\/a><\/h3>\n<p>Une \u00e9tude r\u00e9alis\u00e9e \u00e0 partir des op\u00e9rations de fusion-acquisition conseill\u00e9es en Europe par les avocats du groupe CMS, bureau Francis Lefebvre en France.<\/p>\n<\/div>\n<\/li>\n<li>\n<div class=\"news-info\">\n<div class=\"datetime\">\n<div class=\"day\">13 Mar 2015<\/div>\n<h2 class=\"time\">21:11<\/h2>\n<\/div>\n<div class=\"thumbnail\"><a href=\"http:\/\/www.finexent.com\/en\/news\/comment-avoir-un-bon-processus-budgetaire\/\"><img decoding=\"async\" src=\"http:\/\/www.finexent.com\/wp-content\/uploads\/2015\/02\/Image1-72x72.jpg\" alt=\"\" \/><\/a><\/div>\n<\/div>\n<div class=\"text\">\n<h3><a href=\"http:\/\/www.finexent.com\/en\/news\/comment-avoir-un-bon-processus-budgetaire\/\">Comment avoir un bon processus budg\u00e9taire?<\/a><\/h3>\n<p>Une \u00e9tude quantitative, par questionnaire,aupr\u00e8s de 151 managers, montre que la performance du processus budg\u00e9taire est directement influenc\u00e9e par les facteurs favorables \u00e0 la r\u00e9solution positive des oppositions<\/p>\n<\/div>\n<\/li>\n<\/ul>\n<p><\/p>","protected":false},"excerpt":{"rendered":"","protected":false},"author":1,"featured_media":0,"parent":0,"menu_order":0,"comment_status":"open","ping_status":"open","template":"","meta":[],"_links":{"self":[{"href":"http:\/\/www.finexent.com\/en\/wp-json\/wp\/v2\/pages\/270"}],"collection":[{"href":"http:\/\/www.finexent.com\/en\/wp-json\/wp\/v2\/pages"}],"about":[{"href":"http:\/\/www.finexent.com\/en\/wp-json\/wp\/v2\/types\/page"}],"author":[{"embeddable":true,"href":"http:\/\/www.finexent.com\/en\/wp-json\/wp\/v2\/users\/1"}],"replies":[{"embeddable":true,"href":"http:\/\/www.finexent.com\/en\/wp-json\/wp\/v2\/comments?post=270"}],"version-history":[{"count":3,"href":"http:\/\/www.finexent.com\/en\/wp-json\/wp\/v2\/pages\/270\/revisions"}],"predecessor-version":[{"id":502,"href":"http:\/\/www.finexent.com\/en\/wp-json\/wp\/v2\/pages\/270\/revisions\/502"}],"wp:attachment":[{"href":"http:\/\/www.finexent.com\/en\/wp-json\/wp\/v2\/media?parent=270"}],"curies":[{"name":"wp","href":"https:\/\/api.w.org\/{rel}","templated":true}]}}